{"id":614,"date":"2023-03-08T07:52:16","date_gmt":"2023-03-08T07:52:16","guid":{"rendered":"https:\/\/darios.si\/?page_id=614"},"modified":"2023-03-23T18:27:53","modified_gmt":"2023-03-23T18:27:53","slug":"galerija","status":"publish","type":"page","link":"https:\/\/darios.si\/?page_id=614","title":{"rendered":"Galerija"},"content":{"rendered":"\t\t<div data-elementor-type=\"wp-page\" data-elementor-id=\"614\" class=\"elementor elementor-614\">\n\t\t\t\t\t\t\t\t\t<section class=\"elementor-section elementor-top-section elementor-element elementor-element-29951687 elementor-section-boxed elementor-section-height-default elementor-section-height-default\" data-id=\"29951687\" data-element_type=\"section\">\n\t\t\t\t\t\t<div class=\"elementor-container elementor-column-gap-no\">\n\t\t\t\t\t<div class=\"elementor-column elementor-col-100 elementor-top-column elementor-element elementor-element-3c57fc09\" data-id=\"3c57fc09\" data-element_type=\"column\">\n\t\t\t<div class=\"elementor-widget-wrap elementor-element-populated\">\n\t\t\t\t\t\t\t\t<div class=\"elementor-element elementor-element-fa7e7c5 de_scroll_animation_no elementor-widget elementor-widget-heading\" data-id=\"fa7e7c5\" data-element_type=\"widget\" data-widget_type=\"heading.default\">\n\t\t\t\t<div class=\"elementor-widget-container\">\n\t\t\t<style>\/*! elementor - v3.11.2 - 22-02-2023 *\/\n.elementor-heading-title{padding:0;margin:0;line-height:1}.elementor-widget-heading .elementor-heading-title[class*=elementor-size-]>a{color:inherit;font-size:inherit;line-height:inherit}.elementor-widget-heading .elementor-heading-title.elementor-size-small{font-size:15px}.elementor-widget-heading .elementor-heading-title.elementor-size-medium{font-size:19px}.elementor-widget-heading .elementor-heading-title.elementor-size-large{font-size:29px}.elementor-widget-heading .elementor-heading-title.elementor-size-xl{font-size:39px}.elementor-widget-heading .elementor-heading-title.elementor-size-xxl{font-size:59px}<\/style><span class=\"elementor-heading-title elementor-size-default\">fotografije projektov Darios D.O.O.<\/span>\t\t<\/div>\n\t\t\t\t<\/div>\n\t\t\t\t<div class=\"elementor-element elementor-element-1a23f9a7 de_scroll_animation_no elementor-widget elementor-widget-heading\" data-id=\"1a23f9a7\" data-element_type=\"widget\" data-widget_type=\"heading.default\">\n\t\t\t\t<div class=\"elementor-widget-container\">\n\t\t\t<h2 class=\"elementor-heading-title elementor-size-default\">Galerija slik<\/h2>\t\t<\/div>\n\t\t\t\t<\/div>\n\t\t\t\t<div class=\"elementor-element elementor-element-4c91c72e de_scroll_animation_no elementor-widget elementor-widget-text-editor\" data-id=\"4c91c72e\" data-element_type=\"widget\" data-widget_type=\"text-editor.default\">\n\t\t\t\t<div class=\"elementor-widget-container\">\n\t\t\t<style>\/*! elementor - v3.11.2 - 22-02-2023 *\/\n.elementor-widget-text-editor.elementor-drop-cap-view-stacked .elementor-drop-cap{background-color:#818a91;color:#fff}.elementor-widget-text-editor.elementor-drop-cap-view-framed .elementor-drop-cap{color:#818a91;border:3px solid;background-color:transparent}.elementor-widget-text-editor:not(.elementor-drop-cap-view-default) .elementor-drop-cap{margin-top:8px}.elementor-widget-text-editor:not(.elementor-drop-cap-view-default) .elementor-drop-cap-letter{width:1em;height:1em}.elementor-widget-text-editor .elementor-drop-cap{float:left;text-align:center;line-height:1;font-size:50px}.elementor-widget-text-editor .elementor-drop-cap-letter{display:inline-block}<\/style>\t\t\t\t<p>Predstavljamo vam nekaj na\u0161ih projektov s katerimi smo polep\u0161ali okolico in izbolj\u0161ali kakovost bivanja na\u0161ih strank.<\/p>\t\t\t\t\t\t<\/div>\n\t\t\t\t<\/div>\n\t\t\t\t\t<\/div>\n\t\t<\/div>\n\t\t\t\t\t\t\t<\/div>\n\t\t<\/section>\n\t\t\t\t<section class=\"elementor-section elementor-top-section elementor-element elementor-element-5cd25dd1 elementor-section-boxed elementor-section-height-default elementor-section-height-default\" data-id=\"5cd25dd1\" data-element_type=\"section\">\n\t\t\t\t\t\t<div class=\"elementor-container elementor-column-gap-no\">\n\t\t\t\t\t<div class=\"elementor-column elementor-col-100 elementor-top-column elementor-element elementor-element-1cc76eeb\" data-id=\"1cc76eeb\" data-element_type=\"column\">\n\t\t\t<div class=\"elementor-widget-wrap elementor-element-populated\">\n\t\t\t\t\t\t\t\t<div class=\"elementor-element elementor-element-606a597e de_scroll_animation_no elementor-widget elementor-widget-dethemekit-img-gallery\" data-id=\"606a597e\" data-element_type=\"widget\" data-widget_type=\"dethemekit-img-gallery.default\">\n\t\t\t\t<div class=\"elementor-widget-container\">\n\t\t\t\n\t<div id=\"dethemekit-img-gallery-606a597e\" class=\"dethemekit-img-gallery dethemekit-img-gallery-fitRows zoomin dethemekit-gallery-icon-show\">\n\t\t\n\t\t<div class=\"dethemekit-gallery-container\" data-settings=\"{&quot;img_size&quot;:&quot;fitRows&quot;,&quot;filter&quot;:&quot;&quot;,&quot;theme&quot;:&quot;pp_default&quot;,&quot;active_cat&quot;:&quot;*&quot;,&quot;ltr_mode&quot;:true,&quot;shuffle&quot;:false,&quot;sort_by&quot;:&quot;original-order&quot;,&quot;skin&quot;:&quot;default&quot;,&quot;light_box&quot;:&quot;yes&quot;,&quot;lightbox_type&quot;:&quot;default&quot;,&quot;overlay&quot;:false}\">\n\n\t\t\t\t\t\t\t<div class=\"dethemekit-gallery-item elementor-repeater-item-4af423a flats\">\n\t\t\t\t<div class=\"pa-gallery-img default\" onclick=\"\">\n\t\t\t\t\t<div class=\"pa-gallery-img-container\">\n\t\t\t\t\t\t\n\t\t<img decoding=\"async\" class=\"pa-gallery-image\" src=\"https:\/\/darios.si\/wp-content\/uploads\/2023\/03\/kam-idris-_HqHX3LBN18-unsplash.jpg\" alt=\"kam-idris-_HqHX3LBN18-unsplash.jpg\">\n\t\t\t\t\t\t\t<\/div>\n\t\t\t\t\t\t\t\t\t\t\t\t<div class=\"pa-gallery-icons-wrapper\">\n\t\t\t\t\t\t\t\t<div class=\"pa-gallery-icons-inner-container\">\n\t\t\t\t\t\t\t\t\t\n\t\t\t\t\t<a class=\"pa-gallery-magnific-image\" href=\"https:\/\/darios.si\/wp-content\/uploads\/2023\/03\/kam-idris-_HqHX3LBN18-unsplash.jpg\" data-rel=\"prettyPhoto[dethemekit-grid-606a597e]\">\n\t\t\t\t\t\t<span>\n\t\t\t\t\t\t\t<i aria-hidden=\"true\" class=\"fas fa-search\"><\/i>\t\t\t\t\t\t<\/span>\n\t\t\t\t\t<\/a>\n\t\t\t\t\t\t\t\t\t\t\t\t<\/div>\n\t\t\t\t\t\t\t<\/div>\n\t\t\t\t\t\t\t\t\t\t\t<\/div>\n\t\t\t<\/div>\n\t\t\t\t\t\t\t<div class=\"dethemekit-gallery-item elementor-repeater-item-f68706b houses\">\n\t\t\t\t<div class=\"pa-gallery-img default\" onclick=\"\">\n\t\t\t\t\t<div class=\"pa-gallery-img-container\">\n\t\t\t\t\t\t\n\t\t<img decoding=\"async\" class=\"pa-gallery-image\" src=\"https:\/\/darios.si\/wp-content\/uploads\/2023\/03\/r-architecture-GGupkreKwxA-unsplash.jpg\" alt=\"r-architecture-GGupkreKwxA-unsplash.jpg\">\n\t\t\t\t\t\t\t<\/div>\n\t\t\t\t\t\t\t\t\t\t\t\t<div class=\"pa-gallery-icons-wrapper\">\n\t\t\t\t\t\t\t\t<div class=\"pa-gallery-icons-inner-container\">\n\t\t\t\t\t\t\t\t\t\n\t\t\t\t\t<a class=\"pa-gallery-magnific-image\" href=\"https:\/\/darios.si\/wp-content\/uploads\/2023\/03\/r-architecture-GGupkreKwxA-unsplash.jpg\" data-rel=\"prettyPhoto[dethemekit-grid-606a597e]\">\n\t\t\t\t\t\t<span>\n\t\t\t\t\t\t\t<i aria-hidden=\"true\" class=\"fas fa-search\"><\/i>\t\t\t\t\t\t<\/span>\n\t\t\t\t\t<\/a>\n\t\t\t\t\t\t\t\t\t\t\t\t<\/div>\n\t\t\t\t\t\t\t<\/div>\n\t\t\t\t\t\t\t\t\t\t\t<\/div>\n\t\t\t<\/div>\n\t\t\t\t\t\t\t<div class=\"dethemekit-gallery-item elementor-repeater-item-11109d9 residentials\">\n\t\t\t\t<div class=\"pa-gallery-img default\" onclick=\"\">\n\t\t\t\t\t<div class=\"pa-gallery-img-container\">\n\t\t\t\t\t\t\n\t\t<img decoding=\"async\" class=\"pa-gallery-image\" src=\"https:\/\/darios.si\/wp-content\/uploads\/2023\/03\/bernard-hermant-CLKGGwIBTaY-unsplash.jpg\" alt=\"bernard-hermant-CLKGGwIBTaY-unsplash.jpg\">\n\t\t\t\t\t\t\t<\/div>\n\t\t\t\t\t\t\t\t\t\t\t\t<div class=\"pa-gallery-icons-wrapper\">\n\t\t\t\t\t\t\t\t<div class=\"pa-gallery-icons-inner-container\">\n\t\t\t\t\t\t\t\t\t\n\t\t\t\t\t<a class=\"pa-gallery-magnific-image\" href=\"https:\/\/darios.si\/wp-content\/uploads\/2023\/03\/bernard-hermant-CLKGGwIBTaY-unsplash.jpg\" data-rel=\"prettyPhoto[dethemekit-grid-606a597e]\">\n\t\t\t\t\t\t<span>\n\t\t\t\t\t\t\t<i aria-hidden=\"true\" class=\"fas fa-search\"><\/i>\t\t\t\t\t\t<\/span>\n\t\t\t\t\t<\/a>\n\t\t\t\t\t\t\t\t\t\t\t\t<\/div>\n\t\t\t\t\t\t\t<\/div>\n\t\t\t\t\t\t\t\t\t\t\t<\/div>\n\t\t\t<\/div>\n\t\t\t\t\t\t\t<div class=\"dethemekit-gallery-item elementor-repeater-item-c0f3911 investing\">\n\t\t\t\t<div class=\"pa-gallery-img default\" onclick=\"\">\n\t\t\t\t\t<div class=\"pa-gallery-img-container\">\n\t\t\t\t\t\t\n\t\t<img decoding=\"async\" class=\"pa-gallery-image\" src=\"https:\/\/darios.si\/wp-content\/uploads\/2023\/03\/r-architecture-L_j9OWElo1s-unsplash.jpg\" alt=\"r-architecture-L_j9OWElo1s-unsplash.jpg\">\n\t\t\t\t\t\t\t<\/div>\n\t\t\t\t\t\t\t\t\t\t\t\t<div class=\"pa-gallery-icons-wrapper\">\n\t\t\t\t\t\t\t\t<div class=\"pa-gallery-icons-inner-container\">\n\t\t\t\t\t\t\t\t\t\n\t\t\t\t\t<a class=\"pa-gallery-magnific-image\" href=\"https:\/\/darios.si\/wp-content\/uploads\/2023\/03\/r-architecture-L_j9OWElo1s-unsplash.jpg\" data-rel=\"prettyPhoto[dethemekit-grid-606a597e]\">\n\t\t\t\t\t\t<span>\n\t\t\t\t\t\t\t<i aria-hidden=\"true\" class=\"fas fa-search\"><\/i>\t\t\t\t\t\t<\/span>\n\t\t\t\t\t<\/a>\n\t\t\t\t\t\t\t\t\t\t\t\t<\/div>\n\t\t\t\t\t\t\t<\/div>\n\t\t\t\t\t\t\t\t\t\t\t<\/div>\n\t\t\t<\/div>\n\t\t\t\t\t\t\t<div class=\"dethemekit-gallery-item elementor-repeater-item-36c2ab1 houses\">\n\t\t\t\t<div class=\"pa-gallery-img default\" onclick=\"\">\n\t\t\t\t\t<div class=\"pa-gallery-img-container\">\n\t\t\t\t\t\t\n\t\t<img decoding=\"async\" class=\"pa-gallery-image\" src=\"https:\/\/darios.si\/wp-content\/uploads\/2023\/03\/johnson-johnson-U6Q6zVDgmSs-unsplash.jpg\" alt=\"johnson-johnson-U6Q6zVDgmSs-unsplash.jpg\">\n\t\t\t\t\t\t\t<\/div>\n\t\t\t\t\t\t\t\t\t\t\t\t<div class=\"pa-gallery-icons-wrapper\">\n\t\t\t\t\t\t\t\t<div class=\"pa-gallery-icons-inner-container\">\n\t\t\t\t\t\t\t\t\t\n\t\t\t\t\t<a class=\"pa-gallery-magnific-image\" href=\"https:\/\/darios.si\/wp-content\/uploads\/2023\/03\/johnson-johnson-U6Q6zVDgmSs-unsplash.jpg\" data-rel=\"prettyPhoto[dethemekit-grid-606a597e]\">\n\t\t\t\t\t\t<span>\n\t\t\t\t\t\t\t<i aria-hidden=\"true\" class=\"fas fa-search\"><\/i>\t\t\t\t\t\t<\/span>\n\t\t\t\t\t<\/a>\n\t\t\t\t\t\t\t\t\t\t\t\t<\/div>\n\t\t\t\t\t\t\t<\/div>\n\t\t\t\t\t\t\t\t\t\t\t<\/div>\n\t\t\t<\/div>\n\t\t\t\t\t\t\t<div class=\"dethemekit-gallery-item elementor-repeater-item-dd190b3 flats\">\n\t\t\t\t<div class=\"pa-gallery-img default\" onclick=\"\">\n\t\t\t\t\t<div class=\"pa-gallery-img-container\">\n\t\t\t\t\t\t\n\t\t<img decoding=\"async\" class=\"pa-gallery-image\" src=\"https:\/\/darios.si\/wp-content\/uploads\/2023\/03\/r-architecture-wDDfbanbhl8-unsplash.jpg\" alt=\"r-architecture-wDDfbanbhl8-unsplash.jpg\">\n\t\t\t\t\t\t\t<\/div>\n\t\t\t\t\t\t\t\t\t\t\t\t<div class=\"pa-gallery-icons-wrapper\">\n\t\t\t\t\t\t\t\t<div class=\"pa-gallery-icons-inner-container\">\n\t\t\t\t\t\t\t\t\t\n\t\t\t\t\t<a class=\"pa-gallery-magnific-image\" href=\"https:\/\/darios.si\/wp-content\/uploads\/2023\/03\/r-architecture-wDDfbanbhl8-unsplash.jpg\" data-rel=\"prettyPhoto[dethemekit-grid-606a597e]\">\n\t\t\t\t\t\t<span>\n\t\t\t\t\t\t\t<i aria-hidden=\"true\" class=\"fas fa-search\"><\/i>\t\t\t\t\t\t<\/span>\n\t\t\t\t\t<\/a>\n\t\t\t\t\t\t\t\t\t\t\t\t<\/div>\n\t\t\t\t\t\t\t<\/div>\n\t\t\t\t\t\t\t\t\t\t\t<\/div>\n\t\t\t<\/div>\n\t\t\t\t\t\t\t<div class=\"dethemekit-gallery-item elementor-repeater-item-2126388 rent\">\n\t\t\t\t<div class=\"pa-gallery-img default\" onclick=\"\">\n\t\t\t\t\t<div class=\"pa-gallery-img-container\">\n\t\t\t\t\t\t\n\t\t<img decoding=\"async\" class=\"pa-gallery-image\" src=\"https:\/\/darios.si\/wp-content\/uploads\/2023\/03\/gus-ruballo-h5QNclJUiA8-unsplash.jpg\" alt=\"gus-ruballo-h5QNclJUiA8-unsplash.jpg\">\n\t\t\t\t\t\t\t<\/div>\n\t\t\t\t\t\t\t\t\t\t\t\t<div class=\"pa-gallery-icons-wrapper\">\n\t\t\t\t\t\t\t\t<div class=\"pa-gallery-icons-inner-container\">\n\t\t\t\t\t\t\t\t\t\n\t\t\t\t\t<a class=\"pa-gallery-magnific-image\" href=\"https:\/\/darios.si\/wp-content\/uploads\/2023\/03\/gus-ruballo-h5QNclJUiA8-unsplash.jpg\" data-rel=\"prettyPhoto[dethemekit-grid-606a597e]\">\n\t\t\t\t\t\t<span>\n\t\t\t\t\t\t\t<i aria-hidden=\"true\" class=\"fas fa-search\"><\/i>\t\t\t\t\t\t<\/span>\n\t\t\t\t\t<\/a>\n\t\t\t\t\t\t\t\t\t\t\t\t<\/div>\n\t\t\t\t\t\t\t<\/div>\n\t\t\t\t\t\t\t\t\t\t\t<\/div>\n\t\t\t<\/div>\n\t\t\t\t\t\t\t<div class=\"dethemekit-gallery-item elementor-repeater-item-18d8295 investing\">\n\t\t\t\t<div class=\"pa-gallery-img default\" onclick=\"\">\n\t\t\t\t\t<div class=\"pa-gallery-img-container\">\n\t\t\t\t\t\t\n\t\t<img decoding=\"async\" class=\"pa-gallery-image\" src=\"https:\/\/darios.si\/wp-content\/uploads\/2023\/03\/r-architecture-rOk4VSMS3Ck-unsplash.jpg\" alt=\"r-architecture-rOk4VSMS3Ck-unsplash.jpg\">\n\t\t\t\t\t\t\t<\/div>\n\t\t\t\t\t\t\t\t\t\t\t\t<div class=\"pa-gallery-icons-wrapper\">\n\t\t\t\t\t\t\t\t<div class=\"pa-gallery-icons-inner-container\">\n\t\t\t\t\t\t\t\t\t\n\t\t\t\t\t<a class=\"pa-gallery-magnific-image\" href=\"https:\/\/darios.si\/wp-content\/uploads\/2023\/03\/r-architecture-rOk4VSMS3Ck-unsplash.jpg\" data-rel=\"prettyPhoto[dethemekit-grid-606a597e]\">\n\t\t\t\t\t\t<span>\n\t\t\t\t\t\t\t<i aria-hidden=\"true\" class=\"fas fa-search\"><\/i>\t\t\t\t\t\t<\/span>\n\t\t\t\t\t<\/a>\n\t\t\t\t\t\t\t\t\t\t\t\t<\/div>\n\t\t\t\t\t\t\t<\/div>\n\t\t\t\t\t\t\t\t\t\t\t<\/div>\n\t\t\t<\/div>\n\t\t\t\t\t\t\t<div class=\"dethemekit-gallery-item elementor-repeater-item-1697a25 houses\">\n\t\t\t\t<div class=\"pa-gallery-img default\" onclick=\"\">\n\t\t\t\t\t<div class=\"pa-gallery-img-container\">\n\t\t\t\t\t\t\n\t\t<img decoding=\"async\" class=\"pa-gallery-image\" src=\"https:\/\/darios.si\/wp-content\/uploads\/2023\/03\/brian-babb-XbwHrt87mQ0-unsplash.jpg\" alt=\"brian-babb-XbwHrt87mQ0-unsplash.jpg\">\n\t\t\t\t\t\t\t<\/div>\n\t\t\t\t\t\t\t\t\t\t\t\t<div class=\"pa-gallery-icons-wrapper\">\n\t\t\t\t\t\t\t\t<div class=\"pa-gallery-icons-inner-container\">\n\t\t\t\t\t\t\t\t\t\n\t\t\t\t\t<a class=\"pa-gallery-magnific-image\" href=\"https:\/\/darios.si\/wp-content\/uploads\/2023\/03\/brian-babb-XbwHrt87mQ0-unsplash.jpg\" data-rel=\"prettyPhoto[dethemekit-grid-606a597e]\">\n\t\t\t\t\t\t<span>\n\t\t\t\t\t\t\t<i aria-hidden=\"true\" class=\"fas fa-search\"><\/i>\t\t\t\t\t\t<\/span>\n\t\t\t\t\t<\/a>\n\t\t\t\t\t\t\t\t\t\t\t\t<\/div>\n\t\t\t\t\t\t\t<\/div>\n\t\t\t\t\t\t\t\t\t\t\t<\/div>\n\t\t\t<\/div>\n\t\t\t\t\t<\/div>\n\n\t\t\n\t<\/div>\n\n\t\t\n\t\t\n\t\t\t\t<\/div>\n\t\t\t\t<\/div>\n\t\t\t\t\t<\/div>\n\t\t<\/div>\n\t\t\t\t\t\t\t<\/div>\n\t\t<\/section>\n\t\t\t\t\t\t\t<\/div>\n\t\t","protected":false},"excerpt":{"rendered":"<p>fotografije projektov Darios D.O.O. Galerija slik Predstavljamo vam nekaj na\u0161ih projektov s katerimi smo polep\u0161ali okolico in izbolj\u0161ali kakovost bivanja na\u0161ih strank.<\/p>\n","protected":false},"author":1,"featured_media":0,"parent":0,"menu_order":0,"comment_status":"closed","ping_status":"closed","template":"elementor_header_footer","meta":{"site-sidebar-layout":"no-sidebar","site-content-layout":"page-builder","ast-global-header-display":"","ast-main-header-display":"","ast-hfb-above-header-display":"","ast-hfb-below-header-display":"","ast-hfb-mobile-header-display":"","site-post-title":"disabled","ast-breadcrumbs-content":"","ast-featured-img":"disabled","footer-sml-layout":"","theme-transparent-header-meta":"","adv-header-id-meta":"","stick-header-meta":"","header-above-stick-meta":"","header-main-stick-meta":"","header-below-stick-meta":"","footnotes":""},"class_list":["post-614","page","type-page","status-publish","hentry"],"_links":{"self":[{"href":"https:\/\/darios.si\/index.php?rest_route=\/wp\/v2\/pages\/614","targetHints":{"allow":["GET"]}}],"collection":[{"href":"https:\/\/darios.si\/index.php?rest_route=\/wp\/v2\/pages"}],"about":[{"href":"https:\/\/darios.si\/index.php?rest_route=\/wp\/v2\/types\/page"}],"author":[{"embeddable":true,"href":"https:\/\/darios.si\/index.php?rest_route=\/wp\/v2\/users\/1"}],"replies":[{"embeddable":true,"href":"https:\/\/darios.si\/index.php?rest_route=%2Fwp%2Fv2%2Fcomments&post=614"}],"version-history":[{"count":10,"href":"https:\/\/darios.si\/index.php?rest_route=\/wp\/v2\/pages\/614\/revisions"}],"predecessor-version":[{"id":854,"href":"https:\/\/darios.si\/index.php?rest_route=\/wp\/v2\/pages\/614\/revisions\/854"}],"wp:attachment":[{"href":"https:\/\/darios.si\/index.php?rest_route=%2Fwp%2Fv2%2Fmedia&parent=614"}],"curies":[{"name":"wp","href":"https:\/\/api.w.org\/{rel}","templated":true}]}}